{"id":75922,"date":"2021-08-10T11:49:34","date_gmt":"2021-08-10T11:49:34","guid":{"rendered":"https:\/\/ventabiok.com\/?page_id=75922"},"modified":"2021-08-10T11:50:40","modified_gmt":"2021-08-10T11:50:40","slug":"politique-de-confidentialite-travaillez-avec-nous","status":"publish","type":"page","link":"https:\/\/ventabiok.com\/fr\/politique-de-confidentialite-travaillez-avec-nous\/","title":{"rendered":"Politique de confidentialit\u00e9 Travaillez avec Nous"},"content":{"rendered":"<table width=\"595\">\n<tbody>\n<tr>\n<td colspan=\"2\" width=\"595\"><strong>Informaci\u00f3n B\u00e1sica sobre Protecci\u00f3n de Datos<\/strong><\/td>\n<\/tr>\n<tr>\n<td width=\"161\">Responsable:<\/td>\n<td width=\"435\">VENTA BIOK, S.A.<\/td>\n<\/tr>\n<tr>\n<td width=\"161\">Finalidad:<\/td>\n<td width=\"435\">Selecci\u00f3n de personal y provisi\u00f3n de puestos de trabajo mediante procesos de selecci\u00f3n.<\/td>\n<\/tr>\n<tr>\n<td width=\"161\">Legitimaci\u00f3n:<\/td>\n<td width=\"435\">&#x25aa;\u00a0\u00a0\u00a0\u00a0\u00a0\u00a0\u00a0\u00a0\u00a0 Consentimiento del interesado:<\/p>\n<p>&#x25aa;\u00a0\u00a0\u00a0\u00a0\u00a0\u00a0\u00a0\u00a0\u00a0 Ejecuci\u00f3n de un contrato.<\/p>\n<p>&#x25aa;\u00a0\u00a0\u00a0\u00a0\u00a0\u00a0\u00a0\u00a0\u00a0 Inter\u00e9s leg\u00edtimo del Responsable.<\/p>\n<p>&#x25aa;\u00a0\u00a0\u00a0\u00a0\u00a0\u00a0\u00a0\u00a0\u00a0 Inter\u00e9s leg\u00edtimo de un tercero.<\/td>\n<\/tr>\n<tr>\n<td width=\"161\">Destinatarios:<\/td>\n<td width=\"435\">Est\u00e1n previstas cesiones de datos a: Al Registro Central de Personal. Organizaciones y empresas relacionadas con el responsable que faciliten y posibiliten los servicios de selecci\u00f3n de personal, e-mailing, p\u00e1gina web y otros similares; Administraci\u00f3n p\u00fablica, entidades y organismos con competencia en la materia.<\/td>\n<\/tr>\n<tr>\n<td width=\"161\">Derechos:<\/td>\n<td width=\"435\">Tiene derecho a acceder, rectificar y suprimir los datos, as\u00ed como otros derechos, indicados en la informaci\u00f3n adicional, que puede ejercer enviando un correo electr\u00f3nico a lopd@ventabiok.com<\/td>\n<\/tr>\n<tr>\n<td width=\"161\">Procedencia:<\/td>\n<td width=\"435\">Del propio interesado o su representante legal.<\/td>\n<\/tr>\n<tr>\n<td width=\"161\">Informaci\u00f3n adicional:<\/td>\n<td width=\"435\">Puede consultar informaci\u00f3n adicional y detallada sobre Protecci\u00f3n de Datos en nuestra p\u00e1gina web: https:\/\/ventabiok.com\/<\/td>\n<\/tr>\n<\/tbody>\n<\/table>\n<p>En caso de que nuestra pol\u00edtica de protecci\u00f3n de datos tuviera que variar a consecuencia de cambios legislativos o de criterios emanados de la Agencia de Protecci\u00f3n de Datos ser\u00eda convenientemente informado de cualquier variaci\u00f3n que fuere necesaria introducir para cumplir con la ley<\/p>\n<p><em>\u00a0<\/em><\/p>\n<p>\u00bfQui\u00e9n es el responsable del tratamiento de sus datos?<\/p>\n<p>Identidad: VENTA BIOK, S.A. &#8211; NIF: A31143803<\/p>\n<p>Direcci\u00f3n postal: ALTO DE IBARDIN, 28, 31780, Bera\/Vera de Bidasoa, Navarra<\/p>\n<p>Tel\u00e9fono: 948630707<\/p>\n<p>Correo electr\u00f3nico: lopd@ventabiok.com<\/p>\n<p><strong>Delegado de Protecci\u00f3n de Datos (DPD):<\/strong> PRODANA CONSULTORES S.L.<\/p>\n<p>Contacto DPD Pol\u00edgono Mutilva Baja Calle E, N\u00ba9 1\u00baC 31192 Mutilva Navarra Espa\u00f1a\u00a0 dpo@prodanaconsultores.com<\/p>\n<p>&nbsp;<\/p>\n<p>\u00bfCon qu\u00e9 finalidad tratamos sus datos personales?<\/p>\n<p>En VENTA BIOK, S.A. Tratamos la informaci\u00f3n que nos facilitan las personas interesadas con el fin de Selecci\u00f3n de personal y provisi\u00f3n de puestos de trabajo mediante procesos de selecci\u00f3n.<\/p>\n<p>&nbsp;<\/p>\n<p>\u00bfPor cu\u00e1nto tiempo conservaremos sus datos?<\/p>\n<p>Los datos personales facilitados\u00a0 se mantendr\u00e1n durante el tiempo necesario para cumplir con la finalidad para la que se recabaron y para determinar las posibles responsabilidades que se pudieran derivar de dicha finalidad y del tratamiento de los datos. Ser\u00e1 de aplicaci\u00f3n lo dispuesto en la normativa de archivos y documentaci\u00f3n.<\/p>\n<p>&nbsp;<\/p>\n<p>\u00bfCu\u00e1l es la legitimaci\u00f3n para el tratamiento de sus datos?<\/p>\n<p>Le indicamos la base legal para el tratamiento de sus datos:<\/p>\n<ul>\n<li>RGPD: 6.1.b) Tratamiento necesario para la ejecuci\u00f3n de un contrato en el que el interesado es parte o para la aplicaci\u00f3n a petici\u00f3n de este de medidas precontractuales.<\/li>\n<\/ul>\n<p>&nbsp;<\/p>\n<ul>\n<li>RGPD: 6.1.c) Tratamiento necesario para el cumplimiento de una obligaci\u00f3n legal aplicable al responsable del tratamiento.<\/li>\n<\/ul>\n<p>&nbsp;<\/p>\n<ul>\n<li>Inter\u00e9s leg\u00edtimo del Responsable: envi\u00f3 de comunicaciones relacionadas de forma directa con la relaci\u00f3n contractual<\/li>\n<li>Inter\u00e9s leg\u00edtimo de un tercero: la cesi\u00f3n de datos con organizaciones y empresas relacionadas con el responsable que faciliten y posibiliten los servicios de selecci\u00f3n de personal y a la administraci\u00f3n p\u00fablica , entidades y organismos con competencia en la materia<\/li>\n<\/ul>\n<p>&nbsp;<\/p>\n<p>\u00bfA qu\u00e9 destinatarios se comunicar\u00e1n sus datos?<\/p>\n<p>Los datos se comunicar\u00e1n a los siguientes destinatarios:<\/p>\n<ul>\n<li>Organizaciones y empresas relacionadas con el responsable que faciliten y posibiliten los servicios de selecci\u00f3n de personal,, e-mailing, pagina web y otros similares.<\/li>\n<li>Administraci\u00f3n p\u00fablica, entidades y organismos con competencia en la materia, con la finalidad de cumplimiento de las obligaciones legales.<\/li>\n<\/ul>\n<p>&nbsp;<\/p>\n<p>\u00bfTransferencias de datos a terceros pa\u00edses?<\/p>\n<p>No est\u00e1n previstas transferencias de datos a terceros pa\u00edses.<\/p>\n<p>&nbsp;<\/p>\n<p>\u00bfCu\u00e1les son sus derechos cuando nos facilita sus datos?<\/p>\n<p>Cualquier persona tiene derecho a obtener confirmaci\u00f3n sobre si en VENTA BIOK, S.A. estamos tratando datos personales que les conciernan, o no.<\/p>\n<p>Las personas interesadas tienen derecho a acceder a sus datos personales, as\u00ed como a solicitar la rectificaci\u00f3n de los datos inexactos o, en su caso, solicitar su supresi\u00f3n cuando, entre otros motivos, los datos ya no sean necesarios para los fines que fueron recogidos.<\/p>\n<p>En determinadas circunstancias, los interesados podr\u00e1n solicitar la limitaci\u00f3n del tratamiento de sus datos, en cuyo caso \u00fanicamente los conservaremos para el ejercicio o la defensa de reclamaciones.<\/p>\n<p>En determinadas circunstancias y por motivos relacionados con su situaci\u00f3n particular, los interesados podr\u00e1n oponerse al tratamiento de sus datos. En este caso, VENTA BIOK, S.A. dejar\u00e1 de tratar los datos, salvo por motivos leg\u00edtimos imperiosos, o el ejercicio o la defensa de posibles reclamaciones.<\/p>\n<p>Podr\u00e1 ejercitar materialmente sus derechos de la siguiente forma: Tiene derecho a acceder, rectificar y suprimir los datos, as\u00ed como otros derechos, indicados en la informaci\u00f3n adicional, que puede ejercer enviando un correo electr\u00f3nico a lopd@ventabiok.com<\/p>\n<p>Si ha otorgado su consentimiento para alguna finalidad concreta, tiene derecho a retirar el consentimiento otorgado en cualquier momento, sin que ello afecte a la licitud del tratamiento basado en el consentimiento previo a su retirada.<\/p>\n<p>En caso de que sienta vulnerados sus derechos en lo concerniente a la protecci\u00f3n de sus datos personales, especialmente cuando no haya obtenido satisfacci\u00f3n en el ejercicio de sus derechos, puede presentar una reclamaci\u00f3n ante la Autoridad de Control en materia de Protecci\u00f3n de Datos competente a trav\u00e9s de su sitio web: <a href=\"http:\/\/www.agpd.es\">www.agpd.es<\/a>.<\/p>\n<p>&nbsp;<\/p>\n<p>\u00bfQu\u00e9 Derechos tiene?<\/p>\n<p>A saber si estamos tratando sus datos o no.<\/p>\n<p>A acceder a sus datos personales.<\/p>\n<p>A solicitar la rectificaci\u00f3n de sus datos si son inexactos.<\/p>\n<p>A solicitar la supresi\u00f3n de sus datos si ya no son necesarios para los fines para los que fueron recogidos o si nos retira el consentimiento otorgado.<\/p>\n<p>A solicitar la limitaci\u00f3n del tratamiento de sus datos, en algunos supuestos, en cuyo caso s\u00f3lo los conservaremos de acuerdo con la normativa vigente.<\/p>\n<p>A portar sus datos, que te ser\u00e1n facilitados en un formato estructurado, de uso com\u00fan o lectura mec\u00e1nica. Si lo prefiere, se los podemos enviar al nuevo responsable que nos designe. S\u00f3lo es v\u00e1lido en determinados supuestos.<\/p>\n<p>A presentar una reclamaci\u00f3n ante la Agencia Espa\u00f1ola de Protecci\u00f3n de Datos, si cree que no te hemos atendido correctamente.<\/p>\n<p>A revocar el consentimiento para cualquier tratamiento para el que haya consentido, en cualquier momento.<\/p>\n<p>Si modifica alg\u00fan dato, te agradecemos que nos lo comuniques para mantenerlos actualizados.<\/p>\n<p>&nbsp;<\/p>\n<p>\u00bfQuiere un formulario para el ejercicio de Derechos?<\/p>\n<p>Tenemos formularios para el ejercicio de sus derechos, p\u00eddenoslos por\u00a0 email o si lo prefiere, puedes usar los elaborados por la Agencia Espa\u00f1ola de Protecci\u00f3n de Datos o terceros.<\/p>\n<p>Estos formularios deben ir firmados electr\u00f3nicamente o ser acompa\u00f1ados de fotocopia del DNI.<\/p>\n<p>Si le representa alguien, debes adjuntarnos copia de su DNI, o que lo firme con su firma electr\u00f3nica.<\/p>\n<p>Los formularios pueden ser presentados presencialmente, enviados por carta o por mail en la direcci\u00f3n del Responsable al inicio de este texto.<\/p>\n<p>&nbsp;<\/p>\n<p>\u00bfCu\u00e1nto tardaremos en contestarle al Ejercicio de Derechos?<\/p>\n<p>Depende del derecho, pero como m\u00e1ximo en un mes desde su solicitud, y dos meses si el tema es muy complejo y le notificamos que necesitamos m\u00e1s tiempo<\/p>\n<p>\u00bfC\u00f3mo hemos obtenido sus datos?<\/p>\n<p>Los datos personales que tratamos en lopd@ventabiok.com proceden del propio interesado<\/p>\n<p>Las categor\u00edas de datos que se tratan son:<\/p>\n<ul>\n<li>Nombre y apellidos, DNI\/CIF\/Documento identificativo, n\u00famero de registro de personal, direcci\u00f3n, firma y tel\u00e9fono.<\/li>\n<li>Categor\u00edas especiales de datos: datos de salud (discapacidades).<\/li>\n<li>Datos de caracter\u00edsticas personales: Sexo, estado civil, nacionalidad, edad, fecha y lugar de nacimiento y datos familiares.<\/li>\n<li>Datos acad\u00e9micos y profesionales: Titulaciones, formaci\u00f3n y experiencia profesional.<\/li>\n<li>Datos de detalle de empleo y carrera administrativa.<\/li>\n<\/ul>\n<p>No se tratan categor\u00edas especiales de datos personales (son aquellos datos que revelen el origen \u00e9tnico o racial, las opiniones pol\u00edticas, las convicciones religiosas o filos\u00f3ficas, o la afiliaci\u00f3n sindical, datos gen\u00e9ticos, datos biom\u00e9tricos dirigidos a identificar de manera un\u00edvoca a una persona f\u00edsica, datos relativos a la vida sexual o la orientaci\u00f3n sexual de una persona f\u00edsica).<\/p>\n","protected":false},"excerpt":{"rendered":"<p>Informaci\u00f3n B\u00e1sica sobre Protecci\u00f3n de Datos Responsable: VENTA BIOK, S.A. Finalidad: Selecci\u00f3n de personal y provisi\u00f3n de puestos de trabajo mediante procesos de selecci\u00f3n. Legitimaci\u00f3n: &#x25aa;\u00a0\u00a0\u00a0\u00a0\u00a0\u00a0\u00a0\u00a0\u00a0 Consentimiento del interesado: &#x25aa;\u00a0\u00a0\u00a0\u00a0\u00a0\u00a0\u00a0\u00a0\u00a0 Ejecuci\u00f3n de un contrato. &#x25aa;\u00a0\u00a0\u00a0\u00a0\u00a0\u00a0\u00a0\u00a0\u00a0 Inter\u00e9s leg\u00edtimo del Responsable. &#x25aa;\u00a0\u00a0\u00a0\u00a0\u00a0\u00a0\u00a0\u00a0\u00a0 Inter\u00e9s leg\u00edtimo de un tercero&#8230;.<\/p>\n","protected":false},"author":2,"featured_media":0,"parent":0,"menu_order":18,"comment_status":"closed","ping_status":"closed","template":"","meta":{"_acf_changed":false,"footnotes":""},"class_list":["post-75922","page","type-page","status-publish","hentry"],"acf":[],"yoast_head":"<!-- This site is optimized with the Yoast SEO plugin v23.8 - https:\/\/yoast.com\/wordpress\/plugins\/seo\/ -->\n<title>Politique de confidentialit\u00e9 Travaillez avec Nous | Venta BIOK<\/title>\n<meta name=\"robots\" content=\"index, follow, max-snippet:-1, max-image-preview:large, max-video-preview:-1\" \/>\n<link rel=\"canonical\" href=\"https:\/\/ventabiok.com\/fr\/politique-de-confidentialite-travaillez-avec-nous\/\" \/>\n<meta property=\"og:locale\" content=\"fr_FR\" \/>\n<meta property=\"og:type\" content=\"article\" \/>\n<meta property=\"og:title\" content=\"Politique de confidentialit\u00e9 Travaillez avec Nous | Venta BIOK\" \/>\n<meta property=\"og:description\" content=\"Informaci\u00f3n B\u00e1sica sobre Protecci\u00f3n de Datos Responsable: VENTA BIOK, S.A. Finalidad: Selecci\u00f3n de personal y provisi\u00f3n de puestos de trabajo mediante procesos de selecci\u00f3n. Legitimaci\u00f3n: &#x25aa;\u00a0\u00a0\u00a0\u00a0\u00a0\u00a0\u00a0\u00a0\u00a0 Consentimiento del interesado: &#x25aa;\u00a0\u00a0\u00a0\u00a0\u00a0\u00a0\u00a0\u00a0\u00a0 Ejecuci\u00f3n de un contrato. &#x25aa;\u00a0\u00a0\u00a0\u00a0\u00a0\u00a0\u00a0\u00a0\u00a0 Inter\u00e9s leg\u00edtimo del Responsable. &#x25aa;\u00a0\u00a0\u00a0\u00a0\u00a0\u00a0\u00a0\u00a0\u00a0 Inter\u00e9s leg\u00edtimo de un tercero....\" \/>\n<meta property=\"og:url\" content=\"https:\/\/ventabiok.com\/fr\/politique-de-confidentialite-travaillez-avec-nous\/\" \/>\n<meta property=\"og:site_name\" content=\"Venta BIOK\" \/>\n<meta property=\"article:publisher\" content=\"https:\/\/www.facebook.com\/ventabiok\/\" \/>\n<meta property=\"article:modified_time\" content=\"2021-08-10T11:50:40+00:00\" \/>\n<meta name=\"twitter:card\" content=\"summary_large_image\" \/>\n<meta name=\"twitter:label1\" content=\"Dur\u00e9e de lecture estim\u00e9e\" \/>\n\t<meta name=\"twitter:data1\" content=\"6 minutes\" \/>\n<script type=\"application\/ld+json\" class=\"yoast-schema-graph\">{\"@context\":\"https:\/\/schema.org\",\"@graph\":[{\"@type\":\"WebPage\",\"@id\":\"https:\/\/ventabiok.com\/fr\/politique-de-confidentialite-travaillez-avec-nous\/\",\"url\":\"https:\/\/ventabiok.com\/fr\/politique-de-confidentialite-travaillez-avec-nous\/\",\"name\":\"Politique de confidentialit\u00e9 Travaillez avec Nous | Venta BIOK\",\"isPartOf\":{\"@id\":\"https:\/\/ventabiok.com\/fr\/#website\"},\"datePublished\":\"2021-08-10T11:49:34+00:00\",\"dateModified\":\"2021-08-10T11:50:40+00:00\",\"breadcrumb\":{\"@id\":\"https:\/\/ventabiok.com\/fr\/politique-de-confidentialite-travaillez-avec-nous\/#breadcrumb\"},\"inLanguage\":\"fr-FR\",\"potentialAction\":[{\"@type\":\"ReadAction\",\"target\":[\"https:\/\/ventabiok.com\/fr\/politique-de-confidentialite-travaillez-avec-nous\/\"]}]},{\"@type\":\"BreadcrumbList\",\"@id\":\"https:\/\/ventabiok.com\/fr\/politique-de-confidentialite-travaillez-avec-nous\/#breadcrumb\",\"itemListElement\":[{\"@type\":\"ListItem\",\"position\":1,\"name\":\"Couverture\",\"item\":\"https:\/\/ventabiok.com\/fr\/\"},{\"@type\":\"ListItem\",\"position\":2,\"name\":\"Politique de confidentialit\u00e9 Travaillez avec Nous\"}]},{\"@type\":\"WebSite\",\"@id\":\"https:\/\/ventabiok.com\/fr\/#website\",\"url\":\"https:\/\/ventabiok.com\/fr\/\",\"name\":\"Venta BIOK\",\"description\":\"Otro sitio realizado con WordPress\",\"publisher\":{\"@id\":\"https:\/\/ventabiok.com\/fr\/#organization\"},\"alternateName\":\"Venta BIOK\",\"potentialAction\":[{\"@type\":\"SearchAction\",\"target\":{\"@type\":\"EntryPoint\",\"urlTemplate\":\"https:\/\/ventabiok.com\/fr\/?s={search_term_string}\"},\"query-input\":{\"@type\":\"PropertyValueSpecification\",\"valueRequired\":true,\"valueName\":\"search_term_string\"}}],\"inLanguage\":\"fr-FR\"},{\"@type\":\"Organization\",\"@id\":\"https:\/\/ventabiok.com\/fr\/#organization\",\"name\":\"Venta BIOK\",\"alternateName\":\"Venta BIOK\",\"url\":\"https:\/\/ventabiok.com\/fr\/\",\"logo\":{\"@type\":\"ImageObject\",\"inLanguage\":\"fr-FR\",\"@id\":\"https:\/\/ventabiok.com\/fr\/#\/schema\/logo\/image\/\",\"url\":\"https:\/\/ventabiok.com\/wp-content\/uploads\/biok_corporativo.svg\",\"contentUrl\":\"https:\/\/ventabiok.com\/wp-content\/uploads\/biok_corporativo.svg\",\"width\":1,\"height\":1,\"caption\":\"Venta BIOK\"},\"image\":{\"@id\":\"https:\/\/ventabiok.com\/fr\/#\/schema\/logo\/image\/\"},\"sameAs\":[\"https:\/\/www.facebook.com\/ventabiok\/\"]}]}<\/script>\n<!-- \/ Yoast SEO plugin. -->","yoast_head_json":{"title":"Politique de confidentialit\u00e9 Travaillez avec Nous | Venta BIOK","robots":{"index":"index","follow":"follow","max-snippet":"max-snippet:-1","max-image-preview":"max-image-preview:large","max-video-preview":"max-video-preview:-1"},"canonical":"https:\/\/ventabiok.com\/fr\/politique-de-confidentialite-travaillez-avec-nous\/","og_locale":"fr_FR","og_type":"article","og_title":"Politique de confidentialit\u00e9 Travaillez avec Nous | Venta BIOK","og_description":"Informaci\u00f3n B\u00e1sica sobre Protecci\u00f3n de Datos Responsable: VENTA BIOK, S.A. Finalidad: Selecci\u00f3n de personal y provisi\u00f3n de puestos de trabajo mediante procesos de selecci\u00f3n. Legitimaci\u00f3n: &#x25aa;\u00a0\u00a0\u00a0\u00a0\u00a0\u00a0\u00a0\u00a0\u00a0 Consentimiento del interesado: &#x25aa;\u00a0\u00a0\u00a0\u00a0\u00a0\u00a0\u00a0\u00a0\u00a0 Ejecuci\u00f3n de un contrato. &#x25aa;\u00a0\u00a0\u00a0\u00a0\u00a0\u00a0\u00a0\u00a0\u00a0 Inter\u00e9s leg\u00edtimo del Responsable. &#x25aa;\u00a0\u00a0\u00a0\u00a0\u00a0\u00a0\u00a0\u00a0\u00a0 Inter\u00e9s leg\u00edtimo de un tercero....","og_url":"https:\/\/ventabiok.com\/fr\/politique-de-confidentialite-travaillez-avec-nous\/","og_site_name":"Venta BIOK","article_publisher":"https:\/\/www.facebook.com\/ventabiok\/","article_modified_time":"2021-08-10T11:50:40+00:00","twitter_card":"summary_large_image","twitter_misc":{"Dur\u00e9e de lecture estim\u00e9e":"6 minutes"},"schema":{"@context":"https:\/\/schema.org","@graph":[{"@type":"WebPage","@id":"https:\/\/ventabiok.com\/fr\/politique-de-confidentialite-travaillez-avec-nous\/","url":"https:\/\/ventabiok.com\/fr\/politique-de-confidentialite-travaillez-avec-nous\/","name":"Politique de confidentialit\u00e9 Travaillez avec Nous | Venta BIOK","isPartOf":{"@id":"https:\/\/ventabiok.com\/fr\/#website"},"datePublished":"2021-08-10T11:49:34+00:00","dateModified":"2021-08-10T11:50:40+00:00","breadcrumb":{"@id":"https:\/\/ventabiok.com\/fr\/politique-de-confidentialite-travaillez-avec-nous\/#breadcrumb"},"inLanguage":"fr-FR","potentialAction":[{"@type":"ReadAction","target":["https:\/\/ventabiok.com\/fr\/politique-de-confidentialite-travaillez-avec-nous\/"]}]},{"@type":"BreadcrumbList","@id":"https:\/\/ventabiok.com\/fr\/politique-de-confidentialite-travaillez-avec-nous\/#breadcrumb","itemListElement":[{"@type":"ListItem","position":1,"name":"Couverture","item":"https:\/\/ventabiok.com\/fr\/"},{"@type":"ListItem","position":2,"name":"Politique de confidentialit\u00e9 Travaillez avec Nous"}]},{"@type":"WebSite","@id":"https:\/\/ventabiok.com\/fr\/#website","url":"https:\/\/ventabiok.com\/fr\/","name":"Venta BIOK","description":"Otro sitio realizado con WordPress","publisher":{"@id":"https:\/\/ventabiok.com\/fr\/#organization"},"alternateName":"Venta BIOK","potentialAction":[{"@type":"SearchAction","target":{"@type":"EntryPoint","urlTemplate":"https:\/\/ventabiok.com\/fr\/?s={search_term_string}"},"query-input":{"@type":"PropertyValueSpecification","valueRequired":true,"valueName":"search_term_string"}}],"inLanguage":"fr-FR"},{"@type":"Organization","@id":"https:\/\/ventabiok.com\/fr\/#organization","name":"Venta BIOK","alternateName":"Venta BIOK","url":"https:\/\/ventabiok.com\/fr\/","logo":{"@type":"ImageObject","inLanguage":"fr-FR","@id":"https:\/\/ventabiok.com\/fr\/#\/schema\/logo\/image\/","url":"https:\/\/ventabiok.com\/wp-content\/uploads\/biok_corporativo.svg","contentUrl":"https:\/\/ventabiok.com\/wp-content\/uploads\/biok_corporativo.svg","width":1,"height":1,"caption":"Venta BIOK"},"image":{"@id":"https:\/\/ventabiok.com\/fr\/#\/schema\/logo\/image\/"},"sameAs":["https:\/\/www.facebook.com\/ventabiok\/"]}]}},"_links":{"self":[{"href":"https:\/\/ventabiok.com\/fr\/wp-json\/wp\/v2\/pages\/75922"}],"collection":[{"href":"https:\/\/ventabiok.com\/fr\/wp-json\/wp\/v2\/pages"}],"about":[{"href":"https:\/\/ventabiok.com\/fr\/wp-json\/wp\/v2\/types\/page"}],"author":[{"embeddable":true,"href":"https:\/\/ventabiok.com\/fr\/wp-json\/wp\/v2\/users\/2"}],"replies":[{"embeddable":true,"href":"https:\/\/ventabiok.com\/fr\/wp-json\/wp\/v2\/comments?post=75922"}],"version-history":[{"count":0,"href":"https:\/\/ventabiok.com\/fr\/wp-json\/wp\/v2\/pages\/75922\/revisions"}],"wp:attachment":[{"href":"https:\/\/ventabiok.com\/fr\/wp-json\/wp\/v2\/media?parent=75922"}],"curies":[{"name":"wp","href":"https:\/\/api.w.org\/{rel}","templated":true}]}}