{"id":30292,"date":"2020-04-01T13:40:35","date_gmt":"2020-04-01T13:40:35","guid":{"rendered":"https:\/\/ventabiok.com\/mon-compte\/"},"modified":"2020-04-01T13:40:35","modified_gmt":"2020-04-01T13:40:35","slug":"mon-compte","status":"publish","type":"page","link":"https:\/\/ventabiok.com\/fr\/mon-compte\/","title":{"rendered":"Mon compte"},"content":{"rendered":"<div class=\"woocommerce\"><div class=\"woocommerce-notices-wrapper\"><\/div>\n\n<div class=\"u-columns col2-set\" id=\"customer_login\">\n\n\t<div class=\"u-column1 col-1\">\n\n\n\t\t<h2>Se connecter<\/h2>\n\n\t\t<form class=\"woocommerce-form woocommerce-form-login login\" method=\"post\">\n\n\t\t\t\n\t\t\t<p class=\"woocommerce-form-row woocommerce-form-row--wide form-row form-row-wide\">\n\t\t\t\t<label for=\"username\">Identifiant ou e-mail&nbsp;<span class=\"required\" aria-hidden=\"true\">*<\/span><span class=\"screen-reader-text\">Obligatoire<\/span><\/label>\n\t\t\t\t<input type=\"text\" class=\"woocommerce-Input woocommerce-Input--text input-text\" name=\"username\" id=\"username\" autocomplete=\"username\" value=\"\" required aria-required=\"true\" \/>\t\t\t<\/p>\n\t\t\t<p class=\"woocommerce-form-row woocommerce-form-row--wide form-row form-row-wide\">\n\t\t\t\t<label for=\"password\">Mot de passe&nbsp;<span class=\"required\" aria-hidden=\"true\">*<\/span><span class=\"screen-reader-text\">Obligatoire<\/span><\/label>\n\t\t\t\t<input class=\"woocommerce-Input woocommerce-Input--text input-text\" type=\"password\" name=\"password\" id=\"password\" autocomplete=\"current-password\" required aria-required=\"true\" \/>\n\t\t\t<\/p>\n\n\t\t\t\n\t\t\t<p class=\"form-row\">\n\t\t\t\t<label class=\"woocommerce-form__label woocommerce-form__label-for-checkbox woocommerce-form-login__rememberme\">\n\t\t\t\t\t<input class=\"woocommerce-form__input woocommerce-form__input-checkbox\" name=\"rememberme\" type=\"checkbox\" id=\"rememberme\" value=\"forever\" \/> <span>Se souvenir de moi<\/span>\n\t\t\t\t<\/label>\n\t\t\t\t<input type=\"hidden\" id=\"woocommerce-login-nonce\" name=\"woocommerce-login-nonce\" value=\"b6bcb3203b\" \/><input type=\"hidden\" name=\"_wp_http_referer\" value=\"\/fr\/wp-json\/wp\/v2\/pages\/30292\" \/>\t\t\t\t<button type=\"submit\" class=\"woocommerce-button button woocommerce-form-login__submit\" name=\"login\" value=\"Se connecter\">Se connecter<\/button>\n\t\t\t<\/p>\n\t\t\t<p class=\"woocommerce-LostPassword lost_password\">\n\t\t\t\t<a href=\"https:\/\/ventabiok.com\/fr\/mon-compte\/lost-password\/\">Mot de passe perdu\u00a0?<\/a>\n\t\t\t<\/p>\n\n\t\t\t\n\t\t<\/form>\n\n\n\t<\/div>\n\n\t<div class=\"u-column2 col-2\">\n\n\t\t<h2>S&rsquo;enregistrer<\/h2>\n\n\t\t<form method=\"post\" class=\"woocommerce-form woocommerce-form-register register\"  >\n\n\t\t\t\n\t\t\t\n\t\t\t<p class=\"woocommerce-form-row woocommerce-form-row--wide form-row form-row-wide\">\n\t\t\t\t<label for=\"reg_email\">E-mail&nbsp;<span class=\"required\" aria-hidden=\"true\">*<\/span><span class=\"screen-reader-text\">Obligatoire<\/span><\/label>\n\t\t\t\t<input type=\"email\" class=\"woocommerce-Input woocommerce-Input--text input-text\" name=\"email\" id=\"reg_email\" autocomplete=\"email\" value=\"\" required aria-required=\"true\" \/>\t\t\t<\/p>\n\n\t\t\t\n\t\t\t\t<p>Un lien permettant de d\u00e9finir un nouveau mot de passe sera envoy\u00e9 \u00e0 votre adresse e-mail.<\/p>\n\n\t\t\t\n\t\t\t<wc-order-attribution-inputs><\/wc-order-attribution-inputs><p class=\"form-row form-row privacy validate-required\" id=\"privacy_policy_reg_field\" data-priority=\"\"><span class=\"woocommerce-input-wrapper\"><label class=\"checkbox woocommerce-form__label woocommerce-form__label-for-checkbox checkbox\" ><input type=\"checkbox\" name=\"privacy_policy_reg\" id=\"privacy_policy_reg\" value=\"1\" class=\"input-checkbox woocommerce-form__input woocommerce-form__input-checkbox input-checkbox\"  aria-required=\"true\" \/> He le\u00eddo y acepto las <a href=\"https:\/\/www.ventabiok.com\/condiciones-de-compra\/\" target=\"_blank\">Condiciones de compra<\/a> y la <a href=\"https:\/\/www.ventabiok.com\/condiciones-de-privacidad\/\" target=\"_blank\">Pol\u00edtica de privacidad<\/a>&nbsp;<abbr class=\"required\" title=\"obligatoire\">*<\/abbr><\/label><\/span><\/p><div class=\"woocommerce-privacy-policy-text\"><p>Vos donn\u00e9es personnelles seront utilis\u00e9es pour traiter votre commande, am\u00e9liorer votre exp\u00e9rience sur ce site et d'autres fins d\u00e9crites dans nos r\u00e8gles de confidentialit\u00e9.<\/p>\n<\/div>\n\t\t\t<p class=\"woocommerce-form-row form-row\">\n\t\t\t\t<input type=\"hidden\" id=\"woocommerce-register-nonce\" name=\"woocommerce-register-nonce\" value=\"3281e9196e\" \/><input type=\"hidden\" name=\"_wp_http_referer\" value=\"\/fr\/wp-json\/wp\/v2\/pages\/30292\" \/>\t\t\t\t<button type=\"submit\" class=\"woocommerce-Button woocommerce-button button woocommerce-form-register__submit\" name=\"register\" value=\"S&rsquo;enregistrer\">S&rsquo;enregistrer<\/button>\n\t\t\t<\/p>\n\n\t\t\t\n\t\t<\/form>\n\n\t<\/div>\n\n<\/div>\n\n<\/div>","protected":false},"excerpt":{"rendered":"","protected":false},"author":1,"featured_media":0,"parent":0,"menu_order":0,"comment_status":"closed","ping_status":"closed","template":"","meta":{"_acf_changed":false,"footnotes":""},"class_list":["post-30292","page","type-page","status-publish","hentry"],"acf":[],"yoast_head":"<!-- This site is optimized with the Yoast SEO plugin v23.8 - https:\/\/yoast.com\/wordpress\/plugins\/seo\/ -->\n<title>Mon compte | Venta BIOK<\/title>\n<meta name=\"robots\" content=\"index, follow, max-snippet:-1, max-image-preview:large, max-video-preview:-1\" \/>\n<link rel=\"canonical\" href=\"https:\/\/ventabiok.com\/fr\/mon-compte\/\" \/>\n<meta property=\"og:locale\" content=\"fr_FR\" \/>\n<meta property=\"og:type\" content=\"article\" \/>\n<meta property=\"og:title\" content=\"Mon compte | Venta BIOK\" \/>\n<meta property=\"og:url\" content=\"https:\/\/ventabiok.com\/fr\/mon-compte\/\" \/>\n<meta property=\"og:site_name\" content=\"Venta BIOK\" \/>\n<meta property=\"article:publisher\" content=\"https:\/\/www.facebook.com\/ventabiok\/\" \/>\n<meta name=\"twitter:card\" content=\"summary_large_image\" \/>\n<script type=\"application\/ld+json\" class=\"yoast-schema-graph\">{\"@context\":\"https:\/\/schema.org\",\"@graph\":[{\"@type\":\"WebPage\",\"@id\":\"https:\/\/ventabiok.com\/fr\/mon-compte\/\",\"url\":\"https:\/\/ventabiok.com\/fr\/mon-compte\/\",\"name\":\"Mon compte | Venta BIOK\",\"isPartOf\":{\"@id\":\"https:\/\/ventabiok.com\/fr\/#website\"},\"datePublished\":\"2020-04-01T13:40:35+00:00\",\"dateModified\":\"2020-04-01T13:40:35+00:00\",\"breadcrumb\":{\"@id\":\"https:\/\/ventabiok.com\/fr\/mon-compte\/#breadcrumb\"},\"inLanguage\":\"fr-FR\",\"potentialAction\":[{\"@type\":\"ReadAction\",\"target\":[\"https:\/\/ventabiok.com\/fr\/mon-compte\/\"]}]},{\"@type\":\"BreadcrumbList\",\"@id\":\"https:\/\/ventabiok.com\/fr\/mon-compte\/#breadcrumb\",\"itemListElement\":[{\"@type\":\"ListItem\",\"position\":1,\"name\":\"Couverture\",\"item\":\"https:\/\/ventabiok.com\/fr\/\"},{\"@type\":\"ListItem\",\"position\":2,\"name\":\"Mon compte\"}]},{\"@type\":\"WebSite\",\"@id\":\"https:\/\/ventabiok.com\/fr\/#website\",\"url\":\"https:\/\/ventabiok.com\/fr\/\",\"name\":\"Venta BIOK\",\"description\":\"Otro sitio realizado con WordPress\",\"publisher\":{\"@id\":\"https:\/\/ventabiok.com\/fr\/#organization\"},\"alternateName\":\"Venta BIOK\",\"potentialAction\":[{\"@type\":\"SearchAction\",\"target\":{\"@type\":\"EntryPoint\",\"urlTemplate\":\"https:\/\/ventabiok.com\/fr\/?s={search_term_string}\"},\"query-input\":{\"@type\":\"PropertyValueSpecification\",\"valueRequired\":true,\"valueName\":\"search_term_string\"}}],\"inLanguage\":\"fr-FR\"},{\"@type\":\"Organization\",\"@id\":\"https:\/\/ventabiok.com\/fr\/#organization\",\"name\":\"Venta BIOK\",\"alternateName\":\"Venta BIOK\",\"url\":\"https:\/\/ventabiok.com\/fr\/\",\"logo\":{\"@type\":\"ImageObject\",\"inLanguage\":\"fr-FR\",\"@id\":\"https:\/\/ventabiok.com\/fr\/#\/schema\/logo\/image\/\",\"url\":\"https:\/\/ventabiok.com\/wp-content\/uploads\/biok_corporativo.svg\",\"contentUrl\":\"https:\/\/ventabiok.com\/wp-content\/uploads\/biok_corporativo.svg\",\"width\":1,\"height\":1,\"caption\":\"Venta BIOK\"},\"image\":{\"@id\":\"https:\/\/ventabiok.com\/fr\/#\/schema\/logo\/image\/\"},\"sameAs\":[\"https:\/\/www.facebook.com\/ventabiok\/\"]}]}<\/script>\n<!-- \/ Yoast SEO plugin. -->","yoast_head_json":{"title":"Mon compte | Venta BIOK","robots":{"index":"index","follow":"follow","max-snippet":"max-snippet:-1","max-image-preview":"max-image-preview:large","max-video-preview":"max-video-preview:-1"},"canonical":"https:\/\/ventabiok.com\/fr\/mon-compte\/","og_locale":"fr_FR","og_type":"article","og_title":"Mon compte | Venta BIOK","og_url":"https:\/\/ventabiok.com\/fr\/mon-compte\/","og_site_name":"Venta BIOK","article_publisher":"https:\/\/www.facebook.com\/ventabiok\/","twitter_card":"summary_large_image","schema":{"@context":"https:\/\/schema.org","@graph":[{"@type":"WebPage","@id":"https:\/\/ventabiok.com\/fr\/mon-compte\/","url":"https:\/\/ventabiok.com\/fr\/mon-compte\/","name":"Mon compte | Venta BIOK","isPartOf":{"@id":"https:\/\/ventabiok.com\/fr\/#website"},"datePublished":"2020-04-01T13:40:35+00:00","dateModified":"2020-04-01T13:40:35+00:00","breadcrumb":{"@id":"https:\/\/ventabiok.com\/fr\/mon-compte\/#breadcrumb"},"inLanguage":"fr-FR","potentialAction":[{"@type":"ReadAction","target":["https:\/\/ventabiok.com\/fr\/mon-compte\/"]}]},{"@type":"BreadcrumbList","@id":"https:\/\/ventabiok.com\/fr\/mon-compte\/#breadcrumb","itemListElement":[{"@type":"ListItem","position":1,"name":"Couverture","item":"https:\/\/ventabiok.com\/fr\/"},{"@type":"ListItem","position":2,"name":"Mon compte"}]},{"@type":"WebSite","@id":"https:\/\/ventabiok.com\/fr\/#website","url":"https:\/\/ventabiok.com\/fr\/","name":"Venta BIOK","description":"Otro sitio realizado con WordPress","publisher":{"@id":"https:\/\/ventabiok.com\/fr\/#organization"},"alternateName":"Venta BIOK","potentialAction":[{"@type":"SearchAction","target":{"@type":"EntryPoint","urlTemplate":"https:\/\/ventabiok.com\/fr\/?s={search_term_string}"},"query-input":{"@type":"PropertyValueSpecification","valueRequired":true,"valueName":"search_term_string"}}],"inLanguage":"fr-FR"},{"@type":"Organization","@id":"https:\/\/ventabiok.com\/fr\/#organization","name":"Venta BIOK","alternateName":"Venta BIOK","url":"https:\/\/ventabiok.com\/fr\/","logo":{"@type":"ImageObject","inLanguage":"fr-FR","@id":"https:\/\/ventabiok.com\/fr\/#\/schema\/logo\/image\/","url":"https:\/\/ventabiok.com\/wp-content\/uploads\/biok_corporativo.svg","contentUrl":"https:\/\/ventabiok.com\/wp-content\/uploads\/biok_corporativo.svg","width":1,"height":1,"caption":"Venta BIOK"},"image":{"@id":"https:\/\/ventabiok.com\/fr\/#\/schema\/logo\/image\/"},"sameAs":["https:\/\/www.facebook.com\/ventabiok\/"]}]}},"_links":{"self":[{"href":"https:\/\/ventabiok.com\/fr\/wp-json\/wp\/v2\/pages\/30292"}],"collection":[{"href":"https:\/\/ventabiok.com\/fr\/wp-json\/wp\/v2\/pages"}],"about":[{"href":"https:\/\/ventabiok.com\/fr\/wp-json\/wp\/v2\/types\/page"}],"author":[{"embeddable":true,"href":"https:\/\/ventabiok.com\/fr\/wp-json\/wp\/v2\/users\/1"}],"replies":[{"embeddable":true,"href":"https:\/\/ventabiok.com\/fr\/wp-json\/wp\/v2\/comments?post=30292"}],"version-history":[{"count":0,"href":"https:\/\/ventabiok.com\/fr\/wp-json\/wp\/v2\/pages\/30292\/revisions"}],"wp:attachment":[{"href":"https:\/\/ventabiok.com\/fr\/wp-json\/wp\/v2\/media?parent=30292"}],"curies":[{"name":"wp","href":"https:\/\/api.w.org\/{rel}","templated":true}]}}